{"id":78,"date":"2019-10-28T09:08:51","date_gmt":"2019-10-28T08:08:51","guid":{"rendered":"http:\/\/csr2018.pcc-exol.eu\/?page_id=78"},"modified":"2020-09-23T15:00:11","modified_gmt":"2020-09-23T13:00:11","slug":"nagrody-i-wyroznienia","status":"publish","type":"page","link":"https:\/\/csr2018.pcc-exol.eu\/en\/o-nas\/nagrody-i-wyroznienia\/","title":{"rendered":"Nagrody i wyr\u00f3\u017cnienia"},"content":{"rendered":"<h2>Nagrody i wyr\u00f3\u017cnienia<\/h2>\n","protected":false},"excerpt":{"rendered":"<p>Nagrody i wyr\u00f3\u017cnienia<\/p>\n","protected":false},"author":1,"featured_media":0,"parent":13,"menu_order":180,"comment_status":"closed","ping_status":"closed","template":"","meta":[],"_links":{"self":[{"href":"https:\/\/csr2018.pcc-exol.eu\/en\/wp-json\/wp\/v2\/pages\/78"}],"collection":[{"href":"https:\/\/csr2018.pcc-exol.eu\/en\/wp-json\/wp\/v2\/pages"}],"about":[{"href":"https:\/\/csr2018.pcc-exol.eu\/en\/wp-json\/wp\/v2\/types\/page"}],"author":[{"embeddable":true,"href":"https:\/\/csr2018.pcc-exol.eu\/en\/wp-json\/wp\/v2\/users\/1"}],"replies":[{"embeddable":true,"href":"https:\/\/csr2018.pcc-exol.eu\/en\/wp-json\/wp\/v2\/comments?post=78"}],"version-history":[{"count":0,"href":"https:\/\/csr2018.pcc-exol.eu\/en\/wp-json\/wp\/v2\/pages\/78\/revisions"}],"up":[{"embeddable":true,"href":"https:\/\/csr2018.pcc-exol.eu\/en\/wp-json\/wp\/v2\/pages\/13"}],"wp:attachment":[{"href":"https:\/\/csr2018.pcc-exol.eu\/en\/wp-json\/wp\/v2\/media?parent=78"}],"curies":[{"name":"wp","href":"https:\/\/api.w.org\/{rel}","templated":true}]}}