{"id":511,"date":"2019-11-14T17:07:33","date_gmt":"2019-11-14T16:07:33","guid":{"rendered":"http:\/\/csr2018.pcc-exol.eu\/?page_id=511"},"modified":"2020-10-07T10:36:13","modified_gmt":"2020-10-07T08:36:13","slug":"polityka-prywatnosci","status":"publish","type":"page","link":"https:\/\/csr2018.pcc-exol.eu\/en\/raport\/polityka-prywatnosci\/","title":{"rendered":"Polityka prywatno\u015bci"},"content":{"rendered":"<p><em>I.<\/em> Serwis<br \/>\nNiniejsza polityka prywatno\u015bci dotyczy strony internetowej w domenie www.pcc-exol.eu.<\/p>\n<p><em>II.<\/em> Administrator danych osobowych<br \/>\nAdministratorem danych osobowych jest PCC Exol SA z siedzib\u0105 przy ul. Sienkiewicza 4, 56-120 Brzeg Dolny, wpisana do rejestru przedsi\u0119biorc\u00f3w Krajowego Rejestru S\u0105dowego prowadzonego przez S\u0105d Rejonowy dla Wroc\u0142awia-Fabrycznej, IX Wydzia\u0142 Gospodarczy Krajowego Rejestru S\u0105dowego, pod numerem KRS 0000306150, o kapitale zak\u0142adowym w wysoko\u015bci 172 484 374,00 PLN, wp\u0142aconym w ca\u0142o\u015bci, NIP 9880267207, REGON 020716361.<\/p>\n<p>Mo\u017cna skontaktowa\u0107 si\u0119 z naszym inspektorem ochrony danych e-mailowo: iod.exol@pcc.eu.<\/p>\n<p>Administrator o\u015bwiadcza, \u017ce dok\u0142ada szczeg\u00f3lnej staranno\u015bci w celu ochrony interes\u00f3w os\u00f3b, kt\u00f3rych dane dotycz\u0105, a w szczeg\u00f3lno\u015bci zapewnia, \u017ce:<\/p>\n<p style=\"padding-left: 40px;\"><em>a.<\/em> przetwarza Dane Osobowe zgodnie z prawem, rzetelnie i w spos\u00f3b przejrzysty;<br \/>\n<em>b.<\/em> zbiera Dane Osobowe w konkretnych, wyra\u017anych i prawnie uzasadnionych celach i nieprzetwarzane dalej w spos\u00f3b niezgodny z tymi celami;<br \/>\n<em>c.<\/em> Dane Osobowe s\u0105 adekwatne, stosowne oraz ograniczone do tego, co niezb\u0119dne do cel\u00f3w, w kt\u00f3rych s\u0105 przetwarzane;<br \/>\n<em>d.<\/em> Dane Osobowe s\u0105 prawid\u0142owe i w razie potrzeby uaktualniane;<br \/>\n<em>e.<\/em> przechowuje Dane Osobowe w formie umo\u017cliwiaj\u0105cej identyfikacj\u0119 osoby, kt\u00f3rej dotycz\u0105, przez okres nie d\u0142u\u017cszy, ni\u017c jest to niezb\u0119dne do cel\u00f3w, w kt\u00f3rych s\u0105 przetwarzane;<br \/>\n<em>f.<\/em> przetwarza Dane Osobowe w spos\u00f3b zapewniaj\u0105cy odpowiednie bezpiecze\u0144stwo, w tym ochron\u0119 przed niedozwolonym lub niezgodnym z prawem przetwarzaniem oraz przypadkow\u0105 utrat\u0105, zniszczeniem lub uszkodzeniem, za pomoc\u0105 odpowiednich \u015brodk\u00f3w technicznych lub organizacyjnych<\/p>\n<p><em>III.<\/em> Cel przetwarzania<br \/>\nDane osobowe mog\u0105 by\u0107 przetwarzane przez Administratora mi\u0119dzy innymi w celu:<\/p>\n<p style=\"padding-left: 40px;\"><em>a.<\/em> komunikacji i udzielenia odpowiedzi na wiadomo\u015b\u0107. Podstaw\u0105 przetwarzania danych osobowych jest uzasadniony interes administratora danych lub strony trzeciej, np.: zwrotny kontakt z Tob\u0105, nasz marketing lub partner\u00f3w, w tym Grupy PCC;<br \/>\n<em>b.<\/em> zawarcia i realizacji umowy o \u015bwiadczenie us\u0142ug lub umowy sprzeda\u017cy \u2013 podstaw\u0105 przetwarzania jest tu niezb\u0119dno\u015b\u0107 do zawarcia umowy;<br \/>\n<em>c.<\/em> marketingu bezpo\u015bredniego produkt\u00f3w i us\u0142ug Administratora oraz podmiot\u00f3w z Grupy PCC \u2013 do momentu wyra\u017cenia sprzeciwu wobec przetwarzania danych w tym celu lub cofni\u0119cia zgody \u2013 podstaw\u0105 przetwarzania jest tu realizacja uzasadnionych interes\u00f3w administratora lub strony trzeciej albo zgoda;<br \/>\n<em>d.<\/em> wype\u0142niania obowi\u0105zk\u00f3w prawnych Administratora (np. podatkowych, ksi\u0119gowych, dot. rozpatrywania reklamacji) \u2013 przez czas trwania tych obowi\u0105zk\u00f3w lub przez okres niezb\u0119dny do wykazania spe\u0142niania tych obowi\u0105zk\u00f3w organom uprawnionym do kontroli w tym zakresie \u2013 podstaw\u0105 przetwarzania jest tu obowi\u0105zek prawny ci\u0105\u017c\u0105cy na administratorze;<br \/>\n<em>e.<\/em> ustalenia, obrony i dochodzenia roszcze\u0144 \u2013 przez okres, po kt\u00f3rym przedawni\u0105 si\u0119 roszczenia (np. wynikaj\u0105ce z um\u00f3w) lub przez czas trwania ewentualnych post\u0119powa\u0144 \u2013 podstaw\u0105 przetwarzania jest tu uzasadniony interes lub obowi\u0105zek prawny ci\u0105\u017c\u0105cy na administratorze.<\/p>\n<p>Podanie Danych Osobowych jest dobrowolne, jednak mo\u017ce okaza\u0107 si\u0119 niezb\u0119dne np. do zawarcia lub wykonania umowy lub do udzielenia odpowiedzi na skierowane zapytanie albo w celu prowadzenia korespondencji.<\/p>\n<p>Je\u017celi przetwarzanie Danych Osobowych odbywa si\u0119 na podstawie zgody, maj\u0105 Pa\u0144stwo prawo do jej cofni\u0119cia w dowolnym momencie bez wp\u0142ywu na zgodno\u015b\u0107 z prawem przetwarzania, kt\u00f3rego dokonano na podstawie zgody przed jej cofni\u0119ciem.<\/p>\n<p><em>IV.<\/em> Odbiorcy danych osobowych<br \/>\n<em>1.<\/em> Dane Osobowe mog\u0105 zosta\u0107 udost\u0119pnione podmiotom zewn\u0119trznym wy\u0142\u0105cznie w granicach prawnie dozwolonych, w celu i zakresie niezb\u0119dnym min. do prawid\u0142owej realizacji Umowy Sprzeda\u017cy lub Umowy o \u015awiadczenie Us\u0142ug.<br \/>\n<em>2.<\/em> Administrator mo\u017ce powierzy\u0107 przetwarzanie Danych Osobowych osobom trzecim w celu wykonywania czynno\u015bci zwi\u0105zanych z prowadzeniem dzia\u0142alno\u015bci, jak r\u00f3wnie\u017c w celu zwi\u0105zanym z dochodzeniem roszcze\u0144 lub ochron\u0105 przed roszczeniami dotycz\u0105cymi korzystania ze us\u0142ug lub produkt\u00f3w. Podmiotami tymi mog\u0105 by\u0107:<\/p>\n<p style=\"padding-left: 40px;\"><em>a.<\/em> zewn\u0119trzne firmy doradcze (w tym prawne, audytowe, podatkowe, marketingowe i rachunkowe);<br \/>\n<em>b.<\/em> zewn\u0119trzni specjali\u015bci z zakresu IT;<br \/>\n<em>c.<\/em> podmioty wspieraj\u0105ce Administratora w obs\u0142udze korespondencji;<br \/>\n<em>d.<\/em> kurierzy \u2013 w przypadku korespondencji lub przesy\u0142ek kurierskich;<br \/>\n<em>e.<\/em> operatorzy p\u0142atno\u015bci internetowych lub banki \u2013 w przypadku prowadzenia rozlicze\u0144 finansowych;<br \/>\n<em>f.<\/em> podmioty wsp\u00f3\u0142pracuj\u0105ce z Administratorem w ramach us\u0142ug sprzeda\u017cowych;<br \/>\n<em>g.<\/em> oraz inne podmioty z Grupy PCC, kt\u00f3re realizuj\u0105 dla Administratora niekt\u00f3re z powy\u017cszych us\u0142ug.<\/p>\n<p><em>V.<\/em> Prawa podmiot\u00f3w danych<br \/>\nW ka\u017cdym przypadku podmiot danych ma prawo do:<\/p>\n<p style=\"padding-left: 40px;\"><em>a.<\/em> dost\u0119pu do Danych Osobowych (w tym np. otrzymania informacji, kt\u00f3re Dane Osobowe s\u0105 przetwarzane),<br \/>\n<em>b.<\/em> \u017c\u0105dania sprostowania i ograniczenia przetwarzania Danych Osobowych (np. je\u015bli s\u0105 nieprawid\u0142owe);<br \/>\n<em>c.<\/em> usuni\u0119cia Danych Osobowych (np. w przypadku gdy by\u0142y one przetwarzane niezgodnie z prawem);<br \/>\n<em>d.<\/em> przenoszenia Danych Osobowych kt\u00f3re dostarczy\u0142 administratorowi, i kt\u00f3re s\u0105 przetwarzane w spos\u00f3b zautomatyzowany, a przetwarzanie odbywa si\u0119 na podstawie zgody lub na podstawie umowy, np. do innego administratora;<br \/>\n<em>e.<\/em> wniesienia sprzeciwu wobec przetwarzania Danych Osobowych opartego na przes\u0142ance niezb\u0119dno\u015bci do cel\u00f3w wynikaj\u0105cych z prawnie uzasadnionych interes\u00f3w realizowanych przez administratora lub przez stron\u0119 trzeci\u0105, w tym w szczeg\u00f3lno\u015bci wobec przetwarzania na potrzeby marketingu;<br \/>\n<em>f.<\/em> wniesienia skargi do organu w\u0142a\u015bciwego dla ochrony danych osobowych.<\/p>\n<p><em>VI.<\/em> Cookies<br \/>\nAdministrator wykorzystuje pliki typu cookie (ma\u0142e pliki tekstowe, tzw. ciasteczka), kt\u00f3re s\u0105 zapisywane w urz\u0105dzeniu ko\u0144cowym U\u017cytkownik\u00f3w w celu uzyskiwania danych o korzystaniu z Serwisu przez U\u017cytkownik\u00f3w.<\/p>\n<p>Pliki cookies umo\u017cliwiaj\u0105 m.in.:<\/p>\n<p style=\"padding-left: 40px;\"><em>a.<\/em> utrzymanie sesji U\u017cytkownik\u00f3w po zalogowaniu, dzi\u0119ki czemu brak jest konieczno\u015bci odr\u0119bnego logowania na ka\u017cdej podstronie Serwisu;<br \/>\n<em>b.<\/em> dostosowanie tre\u015bci Serwisu do potrzeb i zainteresowa\u0144 U\u017cytkownik\u00f3w;<br \/>\n<em>c.<\/em> sporz\u0105dzanie statystyk odwiedzin Serwisu;<br \/>\n<em>d.<\/em> tworzenie ankiet internetowych i zabezpieczanie ich przed wielokrotnym g\u0142osowaniem przez te same osoby.<\/p>\n<p>Informacje uzyskiwane dzi\u0119ki plikom typu cookie obejmuj\u0105 m.in. nazw\u0119 dostawcy us\u0142ug internetowych, adres IP U\u017cytkownik\u00f3w, kraj pochodzenia, z kt\u00f3rego U\u017cytkownicy \u0142\u0105cz\u0105 si\u0119 z serwisem. W ramach Serwisu stosowane s\u0105 dwa zasadnicze rodzaje plik\u00f3w cookies: \u201esesyjne\u201d (session cookies) oraz \u201esta\u0142e\u201d (persistent cookies). Cookies \u201esesyjne\u201d s\u0105 plikami tymczasowymi, kt\u00f3re przechowywane s\u0105 w urz\u0105dzeniu ko\u0144cowym U\u017cytkownika do czasu wylogowania, opuszczenia strony internetowej lub wy\u0142\u0105czenia oprogramowania (przegl\u0105darki internetowej). \u201eSta\u0142e\u201d pliki cookies przechowywane s\u0105 w urz\u0105dzeniu ko\u0144cowym U\u017cytkownika przez czas okre\u015blony w parametrach plik\u00f3w cookies lub do czasu ich usuni\u0119cia przez U\u017cytkownika.<\/p>\n<p>W wielu przypadkach oprogramowanie s\u0142u\u017c\u0105ce do przegl\u0105dania stron internetowych (przegl\u0105darka internetowa) domy\u015blnie dopuszcza przechowywanie plik\u00f3w cookies w urz\u0105dzeniu ko\u0144cowym U\u017cytkownika. U\u017cytkownik mo\u017ce w ka\u017cdej chwili usun\u0105\u0107 pliki typu cookie przechowywane w jego urz\u0105dzeniu ko\u0144cowym lub zablokowa\u0107 mo\u017cliwo\u015b\u0107 ich zamieszczania w ustawieniach przegl\u0105darki internetowej (r\u00f3wnie\u017c w telefonie kom\u00f3rkowym lub innym urz\u0105dzeniu pozwalaj\u0105cym na dost\u0119p do Internetu). Wi\u0119cej informacji na temat plik\u00f3w cookies dost\u0119pnych jest w sekcji \u201ePomoc\u201d w menu przegl\u0105darki internetowej.<br \/>\nAdministrator informuje, \u017ce ograniczenia stosowania plik\u00f3w cookies mog\u0105 wp\u0142yn\u0105\u0107 na niekt\u00f3re funkcjonalno\u015bci dost\u0119pne na stronach internetowych Serwisu.<\/p>\n<p><em>VII.<\/em> Zmiana polityki prywatno\u015bci<br \/>\nNiniejsza Polityka Prywatno\u015bci mo\u017ce zosta\u0107 zmieniona przez Administratora poprzez opublikowanie nowej wersji w Serwisie.<\/p>\n<p>Niniejsza wersja Polityki Prywatno\u015bci obowi\u0105zuje od dnia 25.05.2018.<\/p>\n","protected":false},"excerpt":{"rendered":"<p>I. Serwis Niniejsza polityka prywatno\u015bci dotyczy strony internetowej w domenie www.pcc-exol.eu. II. Administrator danych osobowych Administratorem danych osobowych jest PCC Exol SA z siedzib\u0105 przy ul. Sienkiewicza 4, 56-120 Brzeg Dolny, wpisana do rejestru przedsi\u0119biorc\u00f3w Krajowego Rejestru S\u0105dowego prowadzonego przez S\u0105d Rejonowy dla Wroc\u0142awia-Fabrycznej, IX Wydzia\u0142 Gospodarczy Krajowego Rejestru S\u0105dowego, pod numerem KRS 0000306150, o [&hellip;]<\/p>\n","protected":false},"author":1,"featured_media":0,"parent":33,"menu_order":540,"comment_status":"closed","ping_status":"closed","template":"","meta":[],"_links":{"self":[{"href":"https:\/\/csr2018.pcc-exol.eu\/en\/wp-json\/wp\/v2\/pages\/511"}],"collection":[{"href":"https:\/\/csr2018.pcc-exol.eu\/en\/wp-json\/wp\/v2\/pages"}],"about":[{"href":"https:\/\/csr2018.pcc-exol.eu\/en\/wp-json\/wp\/v2\/types\/page"}],"author":[{"embeddable":true,"href":"https:\/\/csr2018.pcc-exol.eu\/en\/wp-json\/wp\/v2\/users\/1"}],"replies":[{"embeddable":true,"href":"https:\/\/csr2018.pcc-exol.eu\/en\/wp-json\/wp\/v2\/comments?post=511"}],"version-history":[{"count":0,"href":"https:\/\/csr2018.pcc-exol.eu\/en\/wp-json\/wp\/v2\/pages\/511\/revisions"}],"up":[{"embeddable":true,"href":"https:\/\/csr2018.pcc-exol.eu\/en\/wp-json\/wp\/v2\/pages\/33"}],"wp:attachment":[{"href":"https:\/\/csr2018.pcc-exol.eu\/en\/wp-json\/wp\/v2\/media?parent=511"}],"curies":[{"name":"wp","href":"https:\/\/api.w.org\/{rel}","templated":true}]}}