{"id":469,"date":"2019-11-12T18:55:07","date_gmt":"2019-11-12T17:55:07","guid":{"rendered":"http:\/\/csr2018.pcc-exol.eu\/?page_id=469"},"modified":"2020-09-30T11:19:33","modified_gmt":"2020-09-30T09:19:33","slug":"nasze-relacje","status":"publish","type":"page","link":"https:\/\/csr2018.pcc-exol.eu\/en\/spolecznosc-lokalna\/nasze-relacje\/","title":{"rendered":"Nasze relacje"},"content":{"rendered":"<h2>Nasze relacje <a class=\"wpsal-anchor\" name=\"g4-dma\" id=\"g4-dma\"><\/a> <a class=\"wpsal-anchor\" name=\"g4-27\" id=\"g4-27\"><\/a><\/h2>\n<p>Kompleksowe podej\u015bcie do komunikacji przejawia si\u0119 w inicjowaniu dialogu z interesariuszami ju\u017c na etapie projektowania, realizacji oraz zako\u0144czenia danego zadania inwestycyjnego czy innych dzia\u0142a\u0144 operacyjnych. Takie podej\u015bcie zapewnia Sp\u00f3\u0142ce budowanie d\u0142ugotrwa\u0142ych relacji z interesariuszami, w tym ze spo\u0142eczno\u015bci\u0105 lokaln\u0105.<\/p>\n","protected":false},"excerpt":{"rendered":"<p>Nasze relacje Kompleksowe podej\u015bcie do komunikacji przejawia si\u0119 w inicjowaniu dialogu z interesariuszami ju\u017c na etapie projektowania, realizacji oraz zako\u0144czenia danego zadania inwestycyjnego czy innych dzia\u0142a\u0144 operacyjnych. Takie podej\u015bcie zapewnia Sp\u00f3\u0142ce budowanie d\u0142ugotrwa\u0142ych relacji z interesariuszami, w tym ze spo\u0142eczno\u015bci\u0105 lokaln\u0105.<\/p>\n","protected":false},"author":1,"featured_media":0,"parent":31,"menu_order":500,"comment_status":"closed","ping_status":"closed","template":"","meta":[],"_links":{"self":[{"href":"https:\/\/csr2018.pcc-exol.eu\/en\/wp-json\/wp\/v2\/pages\/469"}],"collection":[{"href":"https:\/\/csr2018.pcc-exol.eu\/en\/wp-json\/wp\/v2\/pages"}],"about":[{"href":"https:\/\/csr2018.pcc-exol.eu\/en\/wp-json\/wp\/v2\/types\/page"}],"author":[{"embeddable":true,"href":"https:\/\/csr2018.pcc-exol.eu\/en\/wp-json\/wp\/v2\/users\/1"}],"replies":[{"embeddable":true,"href":"https:\/\/csr2018.pcc-exol.eu\/en\/wp-json\/wp\/v2\/comments?post=469"}],"version-history":[{"count":0,"href":"https:\/\/csr2018.pcc-exol.eu\/en\/wp-json\/wp\/v2\/pages\/469\/revisions"}],"up":[{"embeddable":true,"href":"https:\/\/csr2018.pcc-exol.eu\/en\/wp-json\/wp\/v2\/pages\/31"}],"wp:attachment":[{"href":"https:\/\/csr2018.pcc-exol.eu\/en\/wp-json\/wp\/v2\/media?parent=469"}],"curies":[{"name":"wp","href":"https:\/\/api.w.org\/{rel}","templated":true}]}}