{"id":424,"date":"2019-11-12T11:16:36","date_gmt":"2019-11-12T10:16:36","guid":{"rendered":"http:\/\/csr2018.pcc-exol.eu\/?page_id=424"},"modified":"2020-09-30T13:23:33","modified_gmt":"2020-09-30T11:23:33","slug":"nasze-relacje","status":"publish","type":"page","link":"https:\/\/csr2018.pcc-exol.eu\/en\/dostawcy\/nasze-relacje\/","title":{"rendered":"Nasze relacje"},"content":{"rendered":"<h2>Nasze relacje <a class=\"wpsal-anchor\" name=\"g4-dma\" id=\"g4-dma\"><\/a> <a class=\"wpsal-anchor\" name=\"g4-27\" id=\"g4-27\"><\/a><\/h2>\n<p>Komunikacja z naszymi dostawcami opiera si\u0119 g\u0142\u00f3wnie na wzajemnych relacjach z pracownikami Dzia\u0142u Zakup\u00f3w oraz Dzia\u0142u Planowania i Logistyki. Ich zasadnicz\u0105 rol\u0105 jest wsp\u00f3\u0142praca z kontrahentami, a tak\u017ce poszukiwanie nowych alternatywnych \u017ar\u00f3de\u0142 zaopatrzenia w surowce oraz us\u0142ugi logistyczne. Utrzymujemy w spos\u00f3b ci\u0105g\u0142y kontakt z dostawcami wykorzystuj\u0105c standardowe kana\u0142y komunikacji w postaci poczty elektronicznej, rozm\u00f3w telefonicznych czy bezpo\u015brednich spotka\u0144 naszych pracownik\u00f3w z przedstawicielami dostawc\u00f3w. Nasza wsp\u00f3\u0142praca oparta na rzetelnym i transparentnym dialogu, co pozwala na utrzymywanie d\u0142ugoterminowych relacji oraz podnosi standardy oferowanych produkt\u00f3w.<\/p>\n","protected":false},"excerpt":{"rendered":"<p>Nasze relacje Komunikacja z naszymi dostawcami opiera si\u0119 g\u0142\u00f3wnie na wzajemnych relacjach z pracownikami Dzia\u0142u Zakup\u00f3w oraz Dzia\u0142u Planowania i Logistyki. Ich zasadnicz\u0105 rol\u0105 jest wsp\u00f3\u0142praca z kontrahentami, a tak\u017ce poszukiwanie nowych alternatywnych \u017ar\u00f3de\u0142 zaopatrzenia w surowce oraz us\u0142ugi logistyczne. Utrzymujemy w spos\u00f3b ci\u0105g\u0142y kontakt z dostawcami wykorzystuj\u0105c standardowe kana\u0142y komunikacji w postaci poczty elektronicznej, [&hellip;]<\/p>\n","protected":false},"author":1,"featured_media":0,"parent":29,"menu_order":1,"comment_status":"closed","ping_status":"closed","template":"","meta":[],"_links":{"self":[{"href":"https:\/\/csr2018.pcc-exol.eu\/en\/wp-json\/wp\/v2\/pages\/424"}],"collection":[{"href":"https:\/\/csr2018.pcc-exol.eu\/en\/wp-json\/wp\/v2\/pages"}],"about":[{"href":"https:\/\/csr2018.pcc-exol.eu\/en\/wp-json\/wp\/v2\/types\/page"}],"author":[{"embeddable":true,"href":"https:\/\/csr2018.pcc-exol.eu\/en\/wp-json\/wp\/v2\/users\/1"}],"replies":[{"embeddable":true,"href":"https:\/\/csr2018.pcc-exol.eu\/en\/wp-json\/wp\/v2\/comments?post=424"}],"version-history":[{"count":0,"href":"https:\/\/csr2018.pcc-exol.eu\/en\/wp-json\/wp\/v2\/pages\/424\/revisions"}],"up":[{"embeddable":true,"href":"https:\/\/csr2018.pcc-exol.eu\/en\/wp-json\/wp\/v2\/pages\/29"}],"wp:attachment":[{"href":"https:\/\/csr2018.pcc-exol.eu\/en\/wp-json\/wp\/v2\/media?parent=424"}],"curies":[{"name":"wp","href":"https:\/\/api.w.org\/{rel}","templated":true}]}}