{"id":41,"date":"2019-10-24T12:01:54","date_gmt":"2019-10-24T10:01:54","guid":{"rendered":"http:\/\/csr2018.pcc-exol.eu\/?page_id=41"},"modified":"2020-10-08T15:50:32","modified_gmt":"2020-10-08T13:50:32","slug":"grupa-kapitalowa","status":"publish","type":"page","link":"https:\/\/csr2018.pcc-exol.eu\/en\/o-nas\/grupa-kapitalowa\/","title":{"rendered":"Grupa kapita\u0142owa"},"content":{"rendered":"<h2>Grupa kapita\u0142owa PCC SE<\/h2>\n<p>Nale\u017cymy do mi\u0119dzynarodowej Grupy Kapita\u0142owej PCC SE, kt\u00f3rej \u0142\u0105czne przychody ze sprzeda\u017cy w 2017 roku wynios\u0142y 685 mln \u20ac*. Siedzib\u0105 PCC SE jest miasto Duisburg-Homberg w Niemczech, gdzie z poziomu centrali ustalana jest og\u00f3lna strategia dla wszystkich Sp\u00f3\u0142ek w strukturze Grupy Kapita\u0142owej. Podejmuj\u0105c odpowiednie decyzje inwestycyjne, PCC SE stwarza warunki do dynamicznego rozwoju podmiot\u00f3w wchodz\u0105cych w sk\u0142ad jej struktur.<\/p>\n<p><em>*<\/em> dane na postawie skonsolidowanego sprawozdania finansowego<\/p>\n<h2>Dzia\u0142alno\u015b\u0107 PCC SE <a class=\"wpsal-anchor\" name=\"g4-8\" id=\"g4-8\"><\/a><\/h2>\n<p><img loading=\"lazy\" class=\"alignnone wp-image-102 size-full\" src=\"http:\/\/csr2018.pcc-exol.eu\/wp-content\/uploads\/2019\/11\/dzialalnosc.png\" alt=\"\" width=\"1186\" height=\"573\" srcset=\"https:\/\/csr2018.pcc-exol.eu\/wp-content\/uploads\/2019\/11\/dzialalnosc.png 1186w, https:\/\/csr2018.pcc-exol.eu\/wp-content\/uploads\/2019\/11\/dzialalnosc-300x145.png 300w, https:\/\/csr2018.pcc-exol.eu\/wp-content\/uploads\/2019\/11\/dzialalnosc-768x371.png 768w, https:\/\/csr2018.pcc-exol.eu\/wp-content\/uploads\/2019\/11\/dzialalnosc-1024x495.png 1024w\" sizes=\"(max-width: 1186px) 100vw, 1186px\" \/><\/p>\n","protected":false},"excerpt":{"rendered":"<p>Grupa kapita\u0142owa PCC SE Nale\u017cymy do mi\u0119dzynarodowej Grupy Kapita\u0142owej PCC SE, kt\u00f3rej \u0142\u0105czne przychody ze sprzeda\u017cy w 2017 roku wynios\u0142y 685 mln \u20ac*. Siedzib\u0105 PCC SE jest miasto Duisburg-Homberg w Niemczech, gdzie z poziomu centrali ustalana jest og\u00f3lna strategia dla wszystkich Sp\u00f3\u0142ek w strukturze Grupy Kapita\u0142owej. Podejmuj\u0105c odpowiednie decyzje inwestycyjne, PCC SE stwarza warunki do [&hellip;]<\/p>\n","protected":false},"author":1,"featured_media":0,"parent":13,"menu_order":160,"comment_status":"closed","ping_status":"closed","template":"","meta":[],"_links":{"self":[{"href":"https:\/\/csr2018.pcc-exol.eu\/en\/wp-json\/wp\/v2\/pages\/41"}],"collection":[{"href":"https:\/\/csr2018.pcc-exol.eu\/en\/wp-json\/wp\/v2\/pages"}],"about":[{"href":"https:\/\/csr2018.pcc-exol.eu\/en\/wp-json\/wp\/v2\/types\/page"}],"author":[{"embeddable":true,"href":"https:\/\/csr2018.pcc-exol.eu\/en\/wp-json\/wp\/v2\/users\/1"}],"replies":[{"embeddable":true,"href":"https:\/\/csr2018.pcc-exol.eu\/en\/wp-json\/wp\/v2\/comments?post=41"}],"version-history":[{"count":0,"href":"https:\/\/csr2018.pcc-exol.eu\/en\/wp-json\/wp\/v2\/pages\/41\/revisions"}],"up":[{"embeddable":true,"href":"https:\/\/csr2018.pcc-exol.eu\/en\/wp-json\/wp\/v2\/pages\/13"}],"wp:attachment":[{"href":"https:\/\/csr2018.pcc-exol.eu\/en\/wp-json\/wp\/v2\/media?parent=41"}],"curies":[{"name":"wp","href":"https:\/\/api.w.org\/{rel}","templated":true}]}}