{"id":249,"date":"2019-11-06T20:50:00","date_gmt":"2019-11-06T19:50:00","guid":{"rendered":"http:\/\/csr2018.pcc-exol.eu\/?page_id=249"},"modified":"2020-09-30T10:22:23","modified_gmt":"2020-09-30T08:22:23","slug":"odpowiedzialny-marketing","status":"publish","type":"page","link":"https:\/\/csr2018.pcc-exol.eu\/en\/etyka-w-spolce\/odpowiedzialny-marketing\/","title":{"rendered":"Odpowiedzialny marketing"},"content":{"rendered":"<h2>Zasady etyki w marketingu i reklamie <a class=\"wpsal-anchor\" name=\"g4-pr7\" id=\"g4-pr7\"><\/a><\/h2>\n<p>Uznajemy kulturotw\u00f3rczy i obyczajowy charakter dzia\u0142a\u0144 marketingowych, identyfikuj\u0105c potrzeb\u0119 eliminowania zjawisk negatywnych i stymulowania pozytywnych. Rozumiemy konieczno\u015b\u0107 ujednolicenia okre\u015blonych standard\u00f3w w ramach wsp\u00f3\u0142dzia\u0142ania z naszymi interesariuszami na ca\u0142ym \u015bwiecie. Zobowi\u0105zujemy si\u0119 do respektowania i do\u0142o\u017cenia wszelkich stara\u0144, aby zasady i warto\u015bci opisane Kodeksie Post\u0119powania i Polityce Komunikacji Marketingowej PCC EXOL SA, by\u0142y respektowane i przestrzegane w ca\u0142ym naszym \u0142a\u0144cuchu warto\u015bci.<br \/>\nPlanuj\u0105c swoje strategie, bierzemy pod uwag\u0119 potrzeby otoczenia rynkowego w kt\u00f3rym dzia\u0142amy. Z uwagi na bezpo\u015bredni kontakt z klientami, dostawcami, inwestorami i innymi interesariuszami, cz\u0119\u015b\u0107 strategii firmy obejmuj\u0105c\u0105 dzia\u0142ania marketingowe, planujemy w spos\u00f3b szczeg\u00f3lnie odpowiedzialny.<\/p>\n<p>Pracownicy zaanga\u017cowani w dzia\u0142ania marketingowe maj\u0105 obowi\u0105zek:<\/p>\n<ul>\n<li><strong>Dba\u0107 o to, aby przekaz reklamowy w mediach, intrenecie i innych no\u015bnikach elektronicznych nie zawiera\u0142 jakichkolwiek tre\u015bci pornograficznych, element\u00f3w przemocy, nienawi\u015bci, obra\u017aliwego zachowania oraz jakichkolwiek przejaw\u00f3w \u0142amania praw cz\u0142owieka. <\/strong><\/li>\n<li><strong>Dba\u0107 o to, aby tre\u015bci wszelkich materia\u0142\u00f3w promocyjnych i reklamowych Sp\u00f3\u0142ki by\u0142y oparte na prawdziwych informacjach. <\/strong><\/li>\n<li><strong>Zwraca\u0107 uwag\u0119 na przedstawianie cech i w\u0142a\u015bciwo\u015bci produkt\u00f3w w materia\u0142ach reklamowych w spos\u00f3b rzetelny i obiektywny. <\/strong><\/li>\n<li><strong>Stosowa\u0107 i respektowa\u0107 wszelkie zapisy zawarte w Kodeksie Etyki Reklamy, ustanowionym przez Rad\u0119 Reklamy i Komisj\u0119 Etyki Reklamy, b\u0119d\u0105cym \u017ar\u00f3d\u0142em zasad post\u0119powania etycznego dla wszystkich pracownik\u00f3w zwi\u0105zanych z reklam\u0105 i marketingiem. <\/strong><\/li>\n<li><strong>Respektowa\u0107 mi\u0119dzynarodowe zasady dotycz\u0105ce etyki w reklamie i marketingu oraz dzia\u0142a\u0107 w tym zakresie zgodnie ze standardami Europejskiego Stowarzyszenia Etyki Reklamy (EASA). <\/strong><\/li>\n<li><strong>Przestrzegania Polityki Komunikacji Marketingowej<\/strong><\/li>\n<\/ul>\n","protected":false},"excerpt":{"rendered":"<p>Zasady etyki w marketingu i reklamie Uznajemy kulturotw\u00f3rczy i obyczajowy charakter dzia\u0142a\u0144 marketingowych, identyfikuj\u0105c potrzeb\u0119 eliminowania zjawisk negatywnych i stymulowania pozytywnych. Rozumiemy konieczno\u015b\u0107 ujednolicenia okre\u015blonych standard\u00f3w w ramach wsp\u00f3\u0142dzia\u0142ania z naszymi interesariuszami na ca\u0142ym \u015bwiecie. Zobowi\u0105zujemy si\u0119 do respektowania i do\u0142o\u017cenia wszelkich stara\u0144, aby zasady i warto\u015bci opisane Kodeksie Post\u0119powania i Polityce Komunikacji Marketingowej PCC [&hellip;]<\/p>\n","protected":false},"author":1,"featured_media":0,"parent":19,"menu_order":310,"comment_status":"closed","ping_status":"closed","template":"","meta":[],"_links":{"self":[{"href":"https:\/\/csr2018.pcc-exol.eu\/en\/wp-json\/wp\/v2\/pages\/249"}],"collection":[{"href":"https:\/\/csr2018.pcc-exol.eu\/en\/wp-json\/wp\/v2\/pages"}],"about":[{"href":"https:\/\/csr2018.pcc-exol.eu\/en\/wp-json\/wp\/v2\/types\/page"}],"author":[{"embeddable":true,"href":"https:\/\/csr2018.pcc-exol.eu\/en\/wp-json\/wp\/v2\/users\/1"}],"replies":[{"embeddable":true,"href":"https:\/\/csr2018.pcc-exol.eu\/en\/wp-json\/wp\/v2\/comments?post=249"}],"version-history":[{"count":0,"href":"https:\/\/csr2018.pcc-exol.eu\/en\/wp-json\/wp\/v2\/pages\/249\/revisions"}],"up":[{"embeddable":true,"href":"https:\/\/csr2018.pcc-exol.eu\/en\/wp-json\/wp\/v2\/pages\/19"}],"wp:attachment":[{"href":"https:\/\/csr2018.pcc-exol.eu\/en\/wp-json\/wp\/v2\/media?parent=249"}],"curies":[{"name":"wp","href":"https:\/\/api.w.org\/{rel}","templated":true}]}}