{"id":245,"date":"2019-11-06T20:48:44","date_gmt":"2019-11-06T19:48:44","guid":{"rendered":"http:\/\/csr2018.pcc-exol.eu\/?page_id=245"},"modified":"2020-09-30T10:00:26","modified_gmt":"2020-09-30T08:00:26","slug":"rzecznicy-etyki","status":"publish","type":"page","link":"https:\/\/csr2018.pcc-exol.eu\/en\/etyka-w-spolce\/rzecznicy-etyki\/","title":{"rendered":"Rzecznicy etyki"},"content":{"rendered":"<h2>Rzecznicy etyki <a class=\"wpsal-anchor\" name=\"g4-57\" id=\"g4-57\"><\/a> <a class=\"wpsal-anchor\" name=\"g4-58\" id=\"g4-58\"><\/a> <a class=\"wpsal-anchor\" name=\"g4-hr3\" id=\"g4-hr3\"><\/a> <a class=\"wpsal-anchor\" name=\"g4-hr12\" id=\"g4-hr12\"><\/a> <a class=\"wpsal-anchor\" name=\"g4-la16\" id=\"g4-la16\"><\/a><\/h2>\n<p>W Sp\u00f3\u0142ce PCC EXOL SA funkcjonuje Kodeks Post\u0119powania, kt\u00f3ry jest zbiorem zasad oraz norm post\u0119powania etycznego. Rozpowszechniany jest w\u015br\u00f3d wszystkich interesariuszy, propaguj\u0105c wzajemne stosowanie spisanych warto\u015bci. Poprzez zawarte w Kodeksie zapisy, wyra\u017camy przekonanie o uczciwo\u015bci, transparentno\u015bci i etycznym post\u0119powaniu w ka\u017cdej sferze naszej dzia\u0142alno\u015bci biznesowej. W dokumencie okre\u015blono prawa i obowi\u0105zki, kt\u00f3rym staramy si\u0119 sprosta\u0107, aby utrzyma\u0107 wysoki poziom standard\u00f3w etycznych w naszej organizacji.<\/p>\n<p>W Grupie PCC dzia\u0142a 2 rzecznik\u00f3w etyki nominowanych i wybieranych przez pracownik\u00f3w. RZECZNICY ETYKI, to osoby stoj\u0105ce na stra\u017cy przestrzegania zasad i warto\u015bci wyra\u017conych m.in. w Kodeksie Post\u0119powania. Reprezentuj\u0105 niezale\u017cne, bezstronne \u017ar\u00f3d\u0142o rozstrzygaj\u0105ce konflikty etyczne oraz wspieraj\u0105ce wszystkich zainteresowanych w interpretacji zasad zapisanych w Kodeksie. Propaguj\u0105 rozwi\u0105zywanie sytuacji problemowych poprzez prowadzenie tzw. post\u0119powa\u0144 wyja\u015bniaj\u0105cych, jednak samodzielnie nie decyduj\u0105 o ostatecznym rozwi\u0105zaniu problemu. Pe\u0142ni\u0105 w g\u0142\u00f3wnej mierze rol\u0119 mediator\u00f3w, kt\u00f3rych rol\u0105 jest zapobieganie nawarstwianiu si\u0119 problem\u00f3w oraz dochodzenie do kompromis\u00f3w. Po\u015brednio usprawniaj\u0105 tak\u017ce komunikacj\u0119 mi\u0119dzy pracownikami Sp\u00f3\u0142ki. Rzecznicy Etyki po\u015brednicz\u0105 r\u00f3wnie\u017c w relacjach mi\u0119dzy skonfliktowanymi pracownikami w taki spos\u00f3b, by \u017cadna ze stron nie czu\u0142a si\u0119 pokrzywdzona. S\u0105 zobowi\u0105zani do dyskrecji i poufno\u015bci w prowadzonych dzia\u0142aniach. Ka\u017cdy pracownik, wsp\u00f3\u0142pracownik, klient czy kontrahent mo\u017ce zg\u0142osi\u0107 si\u0119 do Rzecznika Etyki z pro\u015bb\u0105 o pomoc, gdy stwierdzi, \u017ce zosta\u0142y naruszone przyj\u0119te warto\u015bci, normy etyczny czy spo\u0142eczne. Ka\u017cda sprawa i zg\u0142oszenie obj\u0119te jest poufno\u015bci\u0105. Nale\u017cy mie\u0107 na uwadze fakt, \u017ce rol\u0105 Rzecznik\u00f3w Etyki nie jest rozwi\u0105zywanie problem\u00f3w pracownik\u00f3w i konflikt\u00f3w mi\u0119dzy pracownikami, tylko wyja\u015bnianie przypadk\u00f3w narusze\u0144 w trakcie wykonywania pracy oraz narusze\u0144 zasad Kodeksu Post\u0119powania.<\/p>\n<p>RZECZNICY ETYKI W GRUPIE PCC<\/p>\n<p>Rzecznikami Etyki w Grupie PCC Rokita i Sp\u00f3\u0142kach powi\u0105zanych, w tym PCC EXOL SA s\u0105:<br \/>\n1. Pani <strong>Iwona S\u0142odowa<\/strong> \u2013 Centrum Energetyki PCC Rokita SA \u2013 tel. 2066<br \/>\n2. Pan <strong>Ryszard Duma\u0144ski<\/strong> \u2013 PCC IT SA \u2013 tel. 3095<br \/>\nRzecznikiem Grupy PCC oraz Rzecznikiem Rzecznik\u00f3w jest Pan <strong>Waldemar Preussner<\/strong> \u2013 g\u0142\u00f3wny akcjonariusz. Rzecznicy w Grupie PCC sprawuj\u0105 swoj\u0105 funkcj\u0119 przez okres 4 lat.<\/p>\n","protected":false},"excerpt":{"rendered":"<p>Rzecznicy etyki W Sp\u00f3\u0142ce PCC EXOL SA funkcjonuje Kodeks Post\u0119powania, kt\u00f3ry jest zbiorem zasad oraz norm post\u0119powania etycznego. Rozpowszechniany jest w\u015br\u00f3d wszystkich interesariuszy, propaguj\u0105c wzajemne stosowanie spisanych warto\u015bci. Poprzez zawarte w Kodeksie zapisy, wyra\u017camy przekonanie o uczciwo\u015bci, transparentno\u015bci i etycznym post\u0119powaniu w ka\u017cdej sferze naszej dzia\u0142alno\u015bci biznesowej. W dokumencie okre\u015blono prawa i obowi\u0105zki, kt\u00f3rym staramy [&hellip;]<\/p>\n","protected":false},"author":1,"featured_media":0,"parent":19,"menu_order":290,"comment_status":"closed","ping_status":"closed","template":"","meta":[],"_links":{"self":[{"href":"https:\/\/csr2018.pcc-exol.eu\/en\/wp-json\/wp\/v2\/pages\/245"}],"collection":[{"href":"https:\/\/csr2018.pcc-exol.eu\/en\/wp-json\/wp\/v2\/pages"}],"about":[{"href":"https:\/\/csr2018.pcc-exol.eu\/en\/wp-json\/wp\/v2\/types\/page"}],"author":[{"embeddable":true,"href":"https:\/\/csr2018.pcc-exol.eu\/en\/wp-json\/wp\/v2\/users\/1"}],"replies":[{"embeddable":true,"href":"https:\/\/csr2018.pcc-exol.eu\/en\/wp-json\/wp\/v2\/comments?post=245"}],"version-history":[{"count":0,"href":"https:\/\/csr2018.pcc-exol.eu\/en\/wp-json\/wp\/v2\/pages\/245\/revisions"}],"up":[{"embeddable":true,"href":"https:\/\/csr2018.pcc-exol.eu\/en\/wp-json\/wp\/v2\/pages\/19"}],"wp:attachment":[{"href":"https:\/\/csr2018.pcc-exol.eu\/en\/wp-json\/wp\/v2\/media?parent=245"}],"curies":[{"name":"wp","href":"https:\/\/api.w.org\/{rel}","templated":true}]}}