{"id":23,"date":"2019-10-24T11:37:59","date_gmt":"2019-10-24T09:37:59","guid":{"rendered":"http:\/\/csr2018.pcc-exol.eu\/?page_id=23"},"modified":"2021-01-12T10:20:54","modified_gmt":"2021-01-12T09:20:54","slug":"interesariusze","status":"publish","type":"page","link":"https:\/\/csr2018.pcc-exol.eu\/en\/interesariusze\/","title":{"rendered":"Interesariusze"},"content":{"rendered":"<p>Za\u0142o\u017cenia strategii biznesowej oraz analiza obszar\u00f3w bezpo\u015bredniego i po\u015bredniego wp\u0142ywu naszej dzia\u0142alno\u015bci na otoczenie, pozwoli\u0142a na zidentyfikowanie 7 grup interesariuszy, z kt\u00f3rymi prowadzimy dialog orientuj\u0105c si\u0119 na ich opinie i potrzeby. Forma prowadzonego dialogu z poszczeg\u00f3lnymi grupami interesariuszy, uzale\u017cniona jest od specyfiki \u015brodowisk spo\u0142ecznych, kt\u00f3re reprezentuj\u0105, a tak\u017ce od ich oczekiwa\u0144 wobec prowadzonej przez nas dzia\u0142alno\u015bci . Dialog ten wykorzystujemy zatem jako integralne narz\u0119dzie budowania strategii zr\u00f3wnowa\u017conego rozwoju w Sp\u00f3\u0142ce.<\/p>\n","protected":false},"excerpt":{"rendered":"<p>Za\u0142o\u017cenia strategii biznesowej oraz analiza obszar\u00f3w bezpo\u015bredniego i po\u015bredniego wp\u0142ywu naszej dzia\u0142alno\u015bci na otoczenie, pozwoli\u0142a na zidentyfikowanie 7 grup interesariuszy, z kt\u00f3rymi prowadzimy dialog orientuj\u0105c si\u0119 na ich opinie i potrzeby. Forma prowadzonego dialogu z poszczeg\u00f3lnymi grupami interesariuszy, uzale\u017cniona jest od specyfiki \u015brodowisk spo\u0142ecznych, kt\u00f3re reprezentuj\u0105, a tak\u017ce od ich oczekiwa\u0144 wobec prowadzonej przez nas [&hellip;]<\/p>\n","protected":false},"author":1,"featured_media":592,"parent":0,"menu_order":70,"comment_status":"closed","ping_status":"closed","template":"","meta":[],"_links":{"self":[{"href":"https:\/\/csr2018.pcc-exol.eu\/en\/wp-json\/wp\/v2\/pages\/23"}],"collection":[{"href":"https:\/\/csr2018.pcc-exol.eu\/en\/wp-json\/wp\/v2\/pages"}],"about":[{"href":"https:\/\/csr2018.pcc-exol.eu\/en\/wp-json\/wp\/v2\/types\/page"}],"author":[{"embeddable":true,"href":"https:\/\/csr2018.pcc-exol.eu\/en\/wp-json\/wp\/v2\/users\/1"}],"replies":[{"embeddable":true,"href":"https:\/\/csr2018.pcc-exol.eu\/en\/wp-json\/wp\/v2\/comments?post=23"}],"version-history":[{"count":0,"href":"https:\/\/csr2018.pcc-exol.eu\/en\/wp-json\/wp\/v2\/pages\/23\/revisions"}],"wp:featuredmedia":[{"embeddable":true,"href":"https:\/\/csr2018.pcc-exol.eu\/en\/wp-json\/wp\/v2\/media\/592"}],"wp:attachment":[{"href":"https:\/\/csr2018.pcc-exol.eu\/en\/wp-json\/wp\/v2\/media?parent=23"}],"curies":[{"name":"wp","href":"https:\/\/api.w.org\/{rel}","templated":true}]}}