{"id":21,"date":"2019-10-24T11:37:36","date_gmt":"2019-10-24T09:37:36","guid":{"rendered":"http:\/\/csr2018.pcc-exol.eu\/?page_id=21"},"modified":"2020-09-23T11:49:17","modified_gmt":"2020-09-23T09:49:17","slug":"wplyw-na-srodowisko","status":"publish","type":"page","link":"https:\/\/csr2018.pcc-exol.eu\/en\/wplyw-na-srodowisko\/","title":{"rendered":"Wp\u0142yw na \u015brodowisko"},"content":{"rendered":"<p>Prowadzenie biznesu w spos\u00f3b zr\u00f3wnowa\u017cony jest jedn\u0105 z misji naszej Sp\u00f3\u0142ki. Stale czuwamy nad wszystkimi etapami powstawania naszych produkt\u00f3w, identyfikujemy i monitorujemy dzia\u0142ania, kt\u00f3re mog\u0105 mie\u0107 wp\u0142yw na \u015brodowisko. Pod\u0105\u017caj\u0105c drog\u0105 zr\u00f3wnowa\u017conego rozwoju, okre\u015blamy d\u0142ugoterminowe cele, realizujemy programy u\u017cywaj\u0105c do tego dedykowanych narz\u0119dzi. B\u0119d\u0105c sygnatariuszem organizacji wpieraj\u0105cych zr\u00f3wnowa\u017cony rozw\u00f3j w Polsce i na \u015bwiecie, aktywnie propagujemy ich dzia\u0142alno\u015b\u0107 oraz korzystamy z przyk\u0142ad\u00f3w dobrych praktyk i wiedzy eksperckiej.<\/p>\n","protected":false},"excerpt":{"rendered":"<p>Prowadzenie biznesu w spos\u00f3b zr\u00f3wnowa\u017cony jest jedn\u0105 z misji naszej Sp\u00f3\u0142ki. Stale czuwamy nad wszystkimi etapami powstawania naszych produkt\u00f3w, identyfikujemy i monitorujemy dzia\u0142ania, kt\u00f3re mog\u0105 mie\u0107 wp\u0142yw na \u015brodowisko. Pod\u0105\u017caj\u0105c drog\u0105 zr\u00f3wnowa\u017conego rozwoju, okre\u015blamy d\u0142ugoterminowe cele, realizujemy programy u\u017cywaj\u0105c do tego dedykowanych narz\u0119dzi. B\u0119d\u0105c sygnatariuszem organizacji wpieraj\u0105cych zr\u00f3wnowa\u017cony rozw\u00f3j w Polsce i na \u015bwiecie, aktywnie [&hellip;]<\/p>\n","protected":false},"author":1,"featured_media":593,"parent":0,"menu_order":60,"comment_status":"closed","ping_status":"closed","template":"","meta":[],"_links":{"self":[{"href":"https:\/\/csr2018.pcc-exol.eu\/en\/wp-json\/wp\/v2\/pages\/21"}],"collection":[{"href":"https:\/\/csr2018.pcc-exol.eu\/en\/wp-json\/wp\/v2\/pages"}],"about":[{"href":"https:\/\/csr2018.pcc-exol.eu\/en\/wp-json\/wp\/v2\/types\/page"}],"author":[{"embeddable":true,"href":"https:\/\/csr2018.pcc-exol.eu\/en\/wp-json\/wp\/v2\/users\/1"}],"replies":[{"embeddable":true,"href":"https:\/\/csr2018.pcc-exol.eu\/en\/wp-json\/wp\/v2\/comments?post=21"}],"version-history":[{"count":0,"href":"https:\/\/csr2018.pcc-exol.eu\/en\/wp-json\/wp\/v2\/pages\/21\/revisions"}],"wp:featuredmedia":[{"embeddable":true,"href":"https:\/\/csr2018.pcc-exol.eu\/en\/wp-json\/wp\/v2\/media\/593"}],"wp:attachment":[{"href":"https:\/\/csr2018.pcc-exol.eu\/en\/wp-json\/wp\/v2\/media?parent=21"}],"curies":[{"name":"wp","href":"https:\/\/api.w.org\/{rel}","templated":true}]}}