{"id":185,"date":"2019-11-05T19:52:59","date_gmt":"2019-11-05T18:52:59","guid":{"rendered":"http:\/\/csr2018.pcc-exol.eu\/?page_id=185"},"modified":"2020-10-08T15:58:11","modified_gmt":"2020-10-08T13:58:11","slug":"dzialalnosc-produkcyjna","status":"publish","type":"page","link":"https:\/\/csr2018.pcc-exol.eu\/en\/nasz-biznes\/dzialalnosc-produkcyjna\/","title":{"rendered":"Dzia\u0142alno\u015b\u0107 produkcyjna"},"content":{"rendered":"<h2>Dzia\u0142alno\u015b\u0107 produkcyjna<\/h2>\n","protected":false},"excerpt":{"rendered":"<p>Dzia\u0142alno\u015b\u0107 produkcyjna<\/p>\n","protected":false},"author":1,"featured_media":0,"parent":17,"menu_order":240,"comment_status":"closed","ping_status":"closed","template":"","meta":[],"_links":{"self":[{"href":"https:\/\/csr2018.pcc-exol.eu\/en\/wp-json\/wp\/v2\/pages\/185"}],"collection":[{"href":"https:\/\/csr2018.pcc-exol.eu\/en\/wp-json\/wp\/v2\/pages"}],"about":[{"href":"https:\/\/csr2018.pcc-exol.eu\/en\/wp-json\/wp\/v2\/types\/page"}],"author":[{"embeddable":true,"href":"https:\/\/csr2018.pcc-exol.eu\/en\/wp-json\/wp\/v2\/users\/1"}],"replies":[{"embeddable":true,"href":"https:\/\/csr2018.pcc-exol.eu\/en\/wp-json\/wp\/v2\/comments?post=185"}],"version-history":[{"count":0,"href":"https:\/\/csr2018.pcc-exol.eu\/en\/wp-json\/wp\/v2\/pages\/185\/revisions"}],"up":[{"embeddable":true,"href":"https:\/\/csr2018.pcc-exol.eu\/en\/wp-json\/wp\/v2\/pages\/17"}],"wp:attachment":[{"href":"https:\/\/csr2018.pcc-exol.eu\/en\/wp-json\/wp\/v2\/media?parent=185"}],"curies":[{"name":"wp","href":"https:\/\/api.w.org\/{rel}","templated":true}]}}