{"id":135,"date":"2019-11-04T22:20:13","date_gmt":"2019-11-04T21:20:13","guid":{"rendered":"http:\/\/csr2018.pcc-exol.eu\/?page_id=135"},"modified":"2020-09-24T09:20:00","modified_gmt":"2020-09-24T07:20:00","slug":"dlugoterminowe-cele","status":"publish","type":"page","link":"https:\/\/csr2018.pcc-exol.eu\/en\/wizja-i-strategia\/dlugoterminowe-cele\/","title":{"rendered":"D\u0142ugoterminowe cele"},"content":{"rendered":"<h2>D\u0142ugoterminowe cele<\/h2>\n<p>Planowanie d\u0142ugoterminowych cel\u00f3w w naszej Sp\u00f3\u0142ce jest \u015bci\u015ble zwi\u0105zane z wytycznymi wynikaj\u0105cymi z przyj\u0119tej Polityki Zr\u00f3wnowa\u017conego Rozwoju i Spo\u0142ecznej Odpowiedzialno\u015bci Biznesu. Rozw\u00f3j naszej dzia\u0142alno\u015bci oraz wytyczne zdefiniowanej idei zr\u00f3wnowa\u017conego rozwoju przenikaj\u0105 si\u0119 wzajemnie, buduj\u0105c nowe podej\u015bcie do zarz\u0105dzania.<\/p>\n","protected":false},"excerpt":{"rendered":"<p>D\u0142ugoterminowe cele Planowanie d\u0142ugoterminowych cel\u00f3w w naszej Sp\u00f3\u0142ce jest \u015bci\u015ble zwi\u0105zane z wytycznymi wynikaj\u0105cymi z przyj\u0119tej Polityki Zr\u00f3wnowa\u017conego Rozwoju i Spo\u0142ecznej Odpowiedzialno\u015bci Biznesu. Rozw\u00f3j naszej dzia\u0142alno\u015bci oraz wytyczne zdefiniowanej idei zr\u00f3wnowa\u017conego rozwoju przenikaj\u0105 si\u0119 wzajemnie, buduj\u0105c nowe podej\u015bcie do zarz\u0105dzania.<\/p>\n","protected":false},"author":1,"featured_media":0,"parent":15,"menu_order":200,"comment_status":"closed","ping_status":"closed","template":"","meta":[],"_links":{"self":[{"href":"https:\/\/csr2018.pcc-exol.eu\/en\/wp-json\/wp\/v2\/pages\/135"}],"collection":[{"href":"https:\/\/csr2018.pcc-exol.eu\/en\/wp-json\/wp\/v2\/pages"}],"about":[{"href":"https:\/\/csr2018.pcc-exol.eu\/en\/wp-json\/wp\/v2\/types\/page"}],"author":[{"embeddable":true,"href":"https:\/\/csr2018.pcc-exol.eu\/en\/wp-json\/wp\/v2\/users\/1"}],"replies":[{"embeddable":true,"href":"https:\/\/csr2018.pcc-exol.eu\/en\/wp-json\/wp\/v2\/comments?post=135"}],"version-history":[{"count":0,"href":"https:\/\/csr2018.pcc-exol.eu\/en\/wp-json\/wp\/v2\/pages\/135\/revisions"}],"up":[{"embeddable":true,"href":"https:\/\/csr2018.pcc-exol.eu\/en\/wp-json\/wp\/v2\/pages\/15"}],"wp:attachment":[{"href":"https:\/\/csr2018.pcc-exol.eu\/en\/wp-json\/wp\/v2\/media?parent=135"}],"curies":[{"name":"wp","href":"https:\/\/api.w.org\/{rel}","templated":true}]}}